{"id":3,"date":"2026-01-14T19:33:39","date_gmt":"2026-01-14T19:33:39","guid":{"rendered":"http:\/\/ptxzjmm.cluster100.hosting.ovh.net\/?page_id=3"},"modified":"2026-02-04T08:12:26","modified_gmt":"2026-02-04T08:12:26","slug":"privacy-policy","status":"publish","type":"page","link":"https:\/\/boxmedic.be\/index.php\/privacy-policy\/","title":{"rendered":"Privacy Policy"},"content":{"rendered":"<p>[et_pb_section fb_built=\u00a0\u00bb1&Prime; _builder_version=\u00a0\u00bb4.16&Prime; global_colors_info=\u00a0\u00bb{}\u00a0\u00bb custom_margin=\u00a0\u00bb||-164px|||\u00a0\u00bb][et_pb_row _builder_version=\u00a0\u00bb4.27.5&Prime; background_size=\u00a0\u00bbinitial\u00a0\u00bb background_position=\u00a0\u00bbtop_left\u00a0\u00bb background_repeat=\u00a0\u00bbrepeat\u00a0\u00bb global_colors_info=\u00a0\u00bb{}\u00a0\u00bb][et_pb_column type=\u00a0\u00bb4_4&Prime; _builder_version=\u00a0\u00bb4.16&Prime; custom_padding=\u00a0\u00bb|||\u00a0\u00bb global_colors_info=\u00a0\u00bb{}\u00a0\u00bb custom_padding__hover=\u00a0\u00bb|||\u00a0\u00bb][et_pb_text _builder_version=\u00a0\u00bb4.27.5&Prime; text_font=\u00a0\u00bbSource Sans Pro||||||||\u00a0\u00bb text_text_color=\u00a0\u00bb#000000&Prime; text_font_size=\u00a0\u00bb16px\u00a0\u00bb background_size=\u00a0\u00bbinitial\u00a0\u00bb background_position=\u00a0\u00bbtop_left\u00a0\u00bb background_repeat=\u00a0\u00bbrepeat\u00a0\u00bb global_colors_info=\u00a0\u00bb{}\u00a0\u00bb]<!-- divi:heading --><\/p>\n<div class=\"et_pb_module et_pb_text et_pb_text_1  et_pb_text_align_left et_pb_bg_layout_light\">\n<div class=\"et_pb_text_inner\">\n<p>La pr\u00e9sente politique de confidentialit\u00e9 est fond\u00e9e sur le R\u00e8glement UE 2016\/679 relatif \u00e0 la protection des donn\u00e9es (RGPD) ainsi que sur votre consentement \u00e9clair\u00e9. Elle a pour objectif de vous informer sur le traitement de vos donn\u00e9es \u00e0 caract\u00e8re personnel.<br \/>Cette politique de confidentialit\u00e9 ne s\u2019applique qu\u2019aux renseignements recueillis par le pr\u00e9sent site, bien que ce dernier puisse contenir des liens vers d\u2019autres sites externes.\u00a0Nous ne pouvons vous garantir que ces sites appliquent la m\u00eame politique que nous en mati\u00e8re de respect de la vie priv\u00e9e, c\u2019est pourquoi nous vous recommandons de prendre connaissance des politiques de confidentialit\u00e9 des sites web que vous seriez amen\u00e9(e) \u00e0 visiter \u00e0 partir de celui-ci avant de remettre vos donn\u00e9es personnelles.<br \/>Nous nous r\u00e9servons la possibilit\u00e9 de modifier \u00e0 tout moment cette politique de confidentialit\u00e9, ces modifications entrant en vigueur imm\u00e9diatement. Or, \u00e0 chaque nouvelle utilisation du pr\u00e9sent site, vous vous soumettez \u00e0 la politique de confidentialit\u00e9 en vigueur.<br \/>Aussi, nous vous invitons \u00e0 relire r\u00e9guli\u00e8rement cette page afin de maintenir votre consentement.<\/p>\n<p><span>Qui sommes-nous ?<\/span><\/p>\n<p>L\u2019adresse de notre site Web est : <a href=\"https:\/\/boxmedic.be\">https:\/\/boxmedic.be<\/a>\u00a0<\/p>\n<p>Ce site Web est h\u00e9b\u00e9rg\u00e9 chez OVH dont le si\u00e8ge social est situ\u00e9 : 2, rue Kellermann \u00e0 59100 Roubaix (France)<\/p>\n<p>Les responsables l\u00e9gaux du site sont Nicolas Langhendries et Rapha\u00ebl Godfrin dont le si\u00e8ge social est situ\u00e9 12, Chemin du Findus \u00e0 7822 Ath (Belgique)<\/p>\n<p>Num\u00e9ro de TVA : BE1031.662.405<\/p>\n<\/div>\n<\/div>\n<div class=\"et_pb_module et_pb_text et_pb_text_2  et_pb_text_align_left et_pb_bg_layout_light\">\n<div class=\"et_pb_text_inner\">\n<p><span>Traitement de vos donn\u00e9es :<\/span><\/p>\n<p>Vos donn\u00e9es personnelles, soumises aux normes europ\u00e9ennes RGPD seront trait\u00e9es UNIQUEMENT dans le cadre de la r\u00e9ponse \u00e0 votre demande. Lors du contact par formulaire via ce site web, vos donn\u00e9es (nom, pr\u00e9nom, num\u00e9ro de t\u00e9l\u00e9phone et adresse email) ne seront utilis\u00e9es que pour r\u00e9pondre \u00e0 votre demande.<\/p>\n<\/div>\n<\/div>\n<div class=\"et_pb_module et_pb_text et_pb_text_3  et_pb_text_align_left et_pb_bg_layout_light\">\n<div class=\"et_pb_text_inner\">\n<p><span>Renseignements collect\u00e9s sur ce site :<\/span><\/p>\n<p><span>Lorsque vous visitez un site internet, vous demeurez anonyme. Les informations collect\u00e9es au cours de votre navigations servent \u00e0 analyser votre comportement sur ce site et l\u2019usage que vous en avez afin d\u2019am\u00e9liorer votre exp\u00e9rience utilisateur.<\/span><br \/><span>Les autres donn\u00e9es personnelles que nous collectons, tels que vos nom, pr\u00e9nom, num\u00e9ro de t\u00e9l\u00e9phone ou adresse mail, ne sont collect\u00e9es que si vous acceptez de nous les fournir, par exemple lorsque vous nous contactez via le formulaire de contact.<\/span><br \/><span>Nous nous engageons par ailleurs \u00e0 ne recueillir que les informations strictement n\u00e9cessaires au traitement de votre demande.<\/span><br \/><span>En effectuant toute d\u00e9marche pour nous contacter, vous garantissez l\u2019exactitude des donn\u00e9es \u00e0 caract\u00e8re personnel que vous communiquez.<\/span><\/p>\n<\/div>\n<\/div>\n<div class=\"et_pb_module et_pb_text et_pb_text_4  et_pb_text_align_left et_pb_bg_layout_light\">\n<div class=\"et_pb_text_inner\">\n<p><span>Quelle est la dur\u00e9e de conservation de vos donn\u00e9es? :<\/span><\/p>\n<p><span>Les donn\u00e9es \u00e0 caract\u00e8re personnel collect\u00e9es et trait\u00e9es par le Site sont conserv\u00e9es pour la dur\u00e9e n\u00e9cessaire \u00e0 leur finalit\u00e9, expos\u00e9e ci-dessus, et dans la limite des d\u00e9lais l\u00e9gaux pour satisfaire toute obligation l\u00e9gale ou r\u00e9glementaire ou engager\/r\u00e9pondre \u00e0 tout litige.<\/span><\/p>\n<\/div>\n<\/div>\n<div class=\"et_pb_module et_pb_text et_pb_text_5  et_pb_text_align_left et_pb_bg_layout_light\">\n<div class=\"et_pb_text_inner\">\n<p><span>Comment vos donn\u00e9es sont-elles prot\u00e9g\u00e9es? :<\/span><\/p>\n<p><span>En notre qualit\u00e9 de responsable de traitement, nous mettons en \u0153uvre des mesures techniques et organisationnelles appropri\u00e9es, conform\u00e9ment aux obligations l\u00e9gales en vigueur, pour prot\u00e9ger vos donn\u00e9es personnelles contre l\u2019alt\u00e9ration, la perte accidentelle ou illicite, l\u2019utilisation, la divulgation ou l\u2019acc\u00e8s non autoris\u00e9, notamment par notre politique g\u00e9n\u00e9rale de s\u00e9curit\u00e9 informatique, la sensibilisation aux exigences de confidentialit\u00e9 de nos collaborateurs, la s\u00e9curisation de nos locaux et outils informatiques, le choix de nos partenaires et de nos sous-traitants.<\/span><\/p>\n<\/div>\n<\/div>\n<div class=\"et_pb_module et_pb_text et_pb_text_6  et_pb_text_align_left et_pb_bg_layout_light\">\n<div class=\"et_pb_text_inner\">\n<p><span>Plus de questions concernant notre politique de confidentialit\u00e9 :<\/span><\/p>\n<p>Pour toutes questions, n\u2019h\u00e9sitez pas \u00e0 nous contacter via <a href=\"mailto:info@boxmedic.be\">info@boxmedic.be<\/a>\u00a0<\/p>\n<p>Toutes les photos utilis\u00e9es sur ce site proviennent de freepik.com avec une licence attribu\u00e9e \u00e0 Web Ath&rsquo;itude (TVA BE1030366662)<\/p>\n<\/div>\n<\/div>\n<p>&nbsp;<\/p>\n<p>&nbsp;<\/p>\n<p>&nbsp;<\/p>\n<p><!-- \/divi:paragraph -->[\/et_pb_text][\/et_pb_column][\/et_pb_row][\/et_pb_section]<\/p>\n","protected":false},"excerpt":{"rendered":"<p>La pr\u00e9sente politique de confidentialit\u00e9 est fond\u00e9e sur le R\u00e8glement UE 2016\/679 relatif \u00e0 la protection des donn\u00e9es (RGPD) ainsi que sur votre consentement \u00e9clair\u00e9. Elle a pour objectif de vous informer sur le traitement de vos donn\u00e9es \u00e0 caract\u00e8re personnel.Cette politique de confidentialit\u00e9 ne s\u2019applique qu\u2019aux renseignements recueillis par le pr\u00e9sent site, bien que [&hellip;]<\/p>\n","protected":false},"author":1,"featured_media":0,"parent":0,"menu_order":0,"comment_status":"closed","ping_status":"open","template":"page-template-blank.php","meta":{"_et_pb_use_builder":"on","_et_pb_old_content":"<!-- wp:heading -->\n<h2 class=\"wp-block-heading\">Who we are<\/h2>\n<!-- \/wp:heading -->\n<!-- wp:paragraph -->\n<p><strong class=\"privacy-policy-tutorial\">Suggested text: <\/strong>Our website address is: http:\/\/ptxzjmm.cluster100.hosting.ovh.net.<\/p>\n<!-- \/wp:paragraph -->\n<!-- wp:heading -->\n<h2 class=\"wp-block-heading\">Comments<\/h2>\n<!-- \/wp:heading -->\n<!-- wp:paragraph -->\n<p><strong class=\"privacy-policy-tutorial\">Suggested text: <\/strong>When visitors leave comments on the site we collect the data shown in the comments form, and also the visitor&#8217;s IP address and browser user agent string to help spam detection.<\/p>\n<!-- \/wp:paragraph -->\n<!-- wp:paragraph -->\n<p>An anonymized string created from your email address (also called a hash) may be provided to the Gravatar service to see if you are using it. The Gravatar service privacy policy is available here: https:\/\/automattic.com\/privacy\/. After approval of your comment, your profile picture is visible to the public in the context of your comment.<\/p>\n<!-- \/wp:paragraph -->\n<!-- wp:heading -->\n<h2 class=\"wp-block-heading\">Media<\/h2>\n<!-- \/wp:heading -->\n<!-- wp:paragraph -->\n<p><strong class=\"privacy-policy-tutorial\">Suggested text: <\/strong>If you upload images to the website, you should avoid uploading images with embedded location data (EXIF GPS) included. Visitors to the website can download and extract any location data from images on the website.<\/p>\n<!-- \/wp:paragraph -->\n<!-- wp:heading -->\n<h2 class=\"wp-block-heading\">Cookies<\/h2>\n<!-- \/wp:heading -->\n<!-- wp:paragraph -->\n<p><strong class=\"privacy-policy-tutorial\">Suggested text: <\/strong>If you leave a comment on our site you may opt-in to saving your name, email address and website in cookies. These are for your convenience so that you do not have to fill in your details again when you leave another comment. These cookies will last for one year.<\/p>\n<!-- \/wp:paragraph -->\n<!-- wp:paragraph -->\n<p>If you visit our login page, we will set a temporary cookie to determine if your browser accepts cookies. This cookie contains no personal data and is discarded when you close your browser.<\/p>\n<!-- \/wp:paragraph -->\n<!-- wp:paragraph -->\n<p>When you log in, we will also set up several cookies to save your login information and your screen display choices. Login cookies last for two days, and screen options cookies last for a year. If you select &quot;Remember Me&quot;, your login will persist for two weeks. If you log out of your account, the login cookies will be removed.<\/p>\n<!-- \/wp:paragraph -->\n<!-- wp:paragraph -->\n<p>If you edit or publish an article, an additional cookie will be saved in your browser. This cookie includes no personal data and simply indicates the post ID of the article you just edited. It expires after 1 day.<\/p>\n<!-- \/wp:paragraph -->\n<!-- wp:heading -->\n<h2 class=\"wp-block-heading\">Embedded content from other websites<\/h2>\n<!-- \/wp:heading -->\n<!-- wp:paragraph -->\n<p><strong class=\"privacy-policy-tutorial\">Suggested text: <\/strong>Articles on this site may include embedded content (e.g. videos, images, articles, etc.). Embedded content from other websites behaves in the exact same way as if the visitor has visited the other website.<\/p>\n<!-- \/wp:paragraph -->\n<!-- wp:paragraph -->\n<p>These websites may collect data about you, use cookies, embed additional third-party tracking, and monitor your interaction with that embedded content, including tracking your interaction with the embedded content if you have an account and are logged in to that website.<\/p>\n<!-- \/wp:paragraph -->\n<!-- wp:heading -->\n<h2 class=\"wp-block-heading\">Who we share your data with<\/h2>\n<!-- \/wp:heading -->\n<!-- wp:paragraph -->\n<p><strong class=\"privacy-policy-tutorial\">Suggested text: <\/strong>If you request a password reset, your IP address will be included in the reset email.<\/p>\n<!-- \/wp:paragraph -->\n<!-- wp:heading -->\n<h2 class=\"wp-block-heading\">How long we retain your data<\/h2>\n<!-- \/wp:heading -->\n<!-- wp:paragraph -->\n<p><strong class=\"privacy-policy-tutorial\">Suggested text: <\/strong>If you leave a comment, the comment and its metadata are retained indefinitely. This is so we can recognize and approve any follow-up comments automatically instead of holding them in a moderation queue.<\/p>\n<!-- \/wp:paragraph -->\n<!-- wp:paragraph -->\n<p>For users that register on our website (if any), we also store the personal information they provide in their user profile. All users can see, edit, or delete their personal information at any time (except they cannot change their username). Website administrators can also see and edit that information.<\/p>\n<!-- \/wp:paragraph -->\n<!-- wp:heading -->\n<h2 class=\"wp-block-heading\">What rights you have over your data<\/h2>\n<!-- \/wp:heading -->\n<!-- wp:paragraph -->\n<p><strong class=\"privacy-policy-tutorial\">Suggested text: <\/strong>If you have an account on this site, or have left comments, you can request to receive an exported file of the personal data we hold about you, including any data you have provided to us. You can also request that we erase any personal data we hold about you. This does not include any data we are obliged to keep for administrative, legal, or security purposes.<\/p>\n<!-- \/wp:paragraph -->\n<!-- wp:heading -->\n<h2 class=\"wp-block-heading\">Where your data is sent<\/h2>\n<!-- \/wp:heading -->\n<!-- wp:paragraph -->\n<p><strong class=\"privacy-policy-tutorial\">Suggested text: <\/strong>Visitor comments may be checked through an automated spam detection service.<\/p>\n<!-- \/wp:paragraph -->\n","_et_gb_content_width":"","footnotes":""},"class_list":["post-3","page","type-page","status-publish","hentry"],"yoast_head":"<!-- This site is optimized with the Yoast SEO plugin v26.9 - https:\/\/yoast.com\/product\/yoast-seo-wordpress\/ -->\n<title>Privacy Policy - BoxMedic<\/title>\n<meta name=\"robots\" content=\"index, follow, max-snippet:-1, max-image-preview:large, max-video-preview:-1\" \/>\n<link rel=\"canonical\" href=\"https:\/\/boxmedic.be\/index.php\/privacy-policy\/\" \/>\n<meta property=\"og:locale\" content=\"fr_FR\" \/>\n<meta property=\"og:type\" content=\"article\" \/>\n<meta property=\"og:title\" content=\"Privacy Policy - BoxMedic\" \/>\n<meta property=\"og:description\" content=\"La pr\u00e9sente politique de confidentialit\u00e9 est fond\u00e9e sur le R\u00e8glement UE 2016\/679 relatif \u00e0 la protection des donn\u00e9es (RGPD) ainsi que sur votre consentement \u00e9clair\u00e9. Elle a pour objectif de vous informer sur le traitement de vos donn\u00e9es \u00e0 caract\u00e8re personnel.Cette politique de confidentialit\u00e9 ne s\u2019applique qu\u2019aux renseignements recueillis par le pr\u00e9sent site, bien que [&hellip;]\" \/>\n<meta property=\"og:url\" content=\"https:\/\/boxmedic.be\/index.php\/privacy-policy\/\" \/>\n<meta property=\"og:site_name\" content=\"BoxMedic\" \/>\n<meta property=\"article:modified_time\" content=\"2026-02-04T08:12:26+00:00\" \/>\n<meta name=\"twitter:card\" content=\"summary_large_image\" \/>\n<meta name=\"twitter:label1\" content=\"Dur\u00e9e de lecture est.\" \/>\n\t<meta name=\"twitter:data1\" content=\"4 minutes\" \/>\n<script type=\"application\/ld+json\" class=\"yoast-schema-graph\">{\"@context\":\"https:\/\/schema.org\",\"@graph\":[{\"@type\":\"WebPage\",\"@id\":\"https:\/\/boxmedic.be\/index.php\/privacy-policy\/\",\"url\":\"https:\/\/boxmedic.be\/index.php\/privacy-policy\/\",\"name\":\"Privacy Policy - BoxMedic\",\"isPartOf\":{\"@id\":\"https:\/\/boxmedic.be\/#website\"},\"datePublished\":\"2026-01-14T19:33:39+00:00\",\"dateModified\":\"2026-02-04T08:12:26+00:00\",\"breadcrumb\":{\"@id\":\"https:\/\/boxmedic.be\/index.php\/privacy-policy\/#breadcrumb\"},\"inLanguage\":\"fr-BE\",\"potentialAction\":[{\"@type\":\"ReadAction\",\"target\":[\"https:\/\/boxmedic.be\/index.php\/privacy-policy\/\"]}]},{\"@type\":\"BreadcrumbList\",\"@id\":\"https:\/\/boxmedic.be\/index.php\/privacy-policy\/#breadcrumb\",\"itemListElement\":[{\"@type\":\"ListItem\",\"position\":1,\"name\":\"Accueil\",\"item\":\"https:\/\/boxmedic.be\/\"},{\"@type\":\"ListItem\",\"position\":2,\"name\":\"Privacy Policy\"}]},{\"@type\":\"WebSite\",\"@id\":\"https:\/\/boxmedic.be\/#website\",\"url\":\"https:\/\/boxmedic.be\/\",\"name\":\"BoxMedic\",\"description\":\"La solution de premier secours\",\"publisher\":{\"@id\":\"https:\/\/boxmedic.be\/#organization\"},\"potentialAction\":[{\"@type\":\"SearchAction\",\"target\":{\"@type\":\"EntryPoint\",\"urlTemplate\":\"https:\/\/boxmedic.be\/?s={search_term_string}\"},\"query-input\":{\"@type\":\"PropertyValueSpecification\",\"valueRequired\":true,\"valueName\":\"search_term_string\"}}],\"inLanguage\":\"fr-BE\"},{\"@type\":\"Organization\",\"@id\":\"https:\/\/boxmedic.be\/#organization\",\"name\":\"BoxMedic\",\"url\":\"https:\/\/boxmedic.be\/\",\"logo\":{\"@type\":\"ImageObject\",\"inLanguage\":\"fr-BE\",\"@id\":\"https:\/\/boxmedic.be\/#\/schema\/logo\/image\/\",\"url\":\"https:\/\/boxmedic.be\/wp-content\/uploads\/2026\/01\/IMG-20251121-WA0007-1.jpg\",\"contentUrl\":\"https:\/\/boxmedic.be\/wp-content\/uploads\/2026\/01\/IMG-20251121-WA0007-1.jpg\",\"width\":930,\"height\":504,\"caption\":\"BoxMedic\"},\"image\":{\"@id\":\"https:\/\/boxmedic.be\/#\/schema\/logo\/image\/\"}}]}<\/script>\n<!-- \/ Yoast SEO plugin. -->","yoast_head_json":{"title":"Privacy Policy - BoxMedic","robots":{"index":"index","follow":"follow","max-snippet":"max-snippet:-1","max-image-preview":"max-image-preview:large","max-video-preview":"max-video-preview:-1"},"canonical":"https:\/\/boxmedic.be\/index.php\/privacy-policy\/","og_locale":"fr_FR","og_type":"article","og_title":"Privacy Policy - BoxMedic","og_description":"La pr\u00e9sente politique de confidentialit\u00e9 est fond\u00e9e sur le R\u00e8glement UE 2016\/679 relatif \u00e0 la protection des donn\u00e9es (RGPD) ainsi que sur votre consentement \u00e9clair\u00e9. Elle a pour objectif de vous informer sur le traitement de vos donn\u00e9es \u00e0 caract\u00e8re personnel.Cette politique de confidentialit\u00e9 ne s\u2019applique qu\u2019aux renseignements recueillis par le pr\u00e9sent site, bien que [&hellip;]","og_url":"https:\/\/boxmedic.be\/index.php\/privacy-policy\/","og_site_name":"BoxMedic","article_modified_time":"2026-02-04T08:12:26+00:00","twitter_card":"summary_large_image","twitter_misc":{"Dur\u00e9e de lecture est.":"4 minutes"},"schema":{"@context":"https:\/\/schema.org","@graph":[{"@type":"WebPage","@id":"https:\/\/boxmedic.be\/index.php\/privacy-policy\/","url":"https:\/\/boxmedic.be\/index.php\/privacy-policy\/","name":"Privacy Policy - BoxMedic","isPartOf":{"@id":"https:\/\/boxmedic.be\/#website"},"datePublished":"2026-01-14T19:33:39+00:00","dateModified":"2026-02-04T08:12:26+00:00","breadcrumb":{"@id":"https:\/\/boxmedic.be\/index.php\/privacy-policy\/#breadcrumb"},"inLanguage":"fr-BE","potentialAction":[{"@type":"ReadAction","target":["https:\/\/boxmedic.be\/index.php\/privacy-policy\/"]}]},{"@type":"BreadcrumbList","@id":"https:\/\/boxmedic.be\/index.php\/privacy-policy\/#breadcrumb","itemListElement":[{"@type":"ListItem","position":1,"name":"Accueil","item":"https:\/\/boxmedic.be\/"},{"@type":"ListItem","position":2,"name":"Privacy Policy"}]},{"@type":"WebSite","@id":"https:\/\/boxmedic.be\/#website","url":"https:\/\/boxmedic.be\/","name":"BoxMedic","description":"La solution de premier secours","publisher":{"@id":"https:\/\/boxmedic.be\/#organization"},"potentialAction":[{"@type":"SearchAction","target":{"@type":"EntryPoint","urlTemplate":"https:\/\/boxmedic.be\/?s={search_term_string}"},"query-input":{"@type":"PropertyValueSpecification","valueRequired":true,"valueName":"search_term_string"}}],"inLanguage":"fr-BE"},{"@type":"Organization","@id":"https:\/\/boxmedic.be\/#organization","name":"BoxMedic","url":"https:\/\/boxmedic.be\/","logo":{"@type":"ImageObject","inLanguage":"fr-BE","@id":"https:\/\/boxmedic.be\/#\/schema\/logo\/image\/","url":"https:\/\/boxmedic.be\/wp-content\/uploads\/2026\/01\/IMG-20251121-WA0007-1.jpg","contentUrl":"https:\/\/boxmedic.be\/wp-content\/uploads\/2026\/01\/IMG-20251121-WA0007-1.jpg","width":930,"height":504,"caption":"BoxMedic"},"image":{"@id":"https:\/\/boxmedic.be\/#\/schema\/logo\/image\/"}}]}},"_links":{"self":[{"href":"https:\/\/boxmedic.be\/index.php\/wp-json\/wp\/v2\/pages\/3","targetHints":{"allow":["GET"]}}],"collection":[{"href":"https:\/\/boxmedic.be\/index.php\/wp-json\/wp\/v2\/pages"}],"about":[{"href":"https:\/\/boxmedic.be\/index.php\/wp-json\/wp\/v2\/types\/page"}],"author":[{"embeddable":true,"href":"https:\/\/boxmedic.be\/index.php\/wp-json\/wp\/v2\/users\/1"}],"replies":[{"embeddable":true,"href":"https:\/\/boxmedic.be\/index.php\/wp-json\/wp\/v2\/comments?post=3"}],"version-history":[{"count":4,"href":"https:\/\/boxmedic.be\/index.php\/wp-json\/wp\/v2\/pages\/3\/revisions"}],"predecessor-version":[{"id":183,"href":"https:\/\/boxmedic.be\/index.php\/wp-json\/wp\/v2\/pages\/3\/revisions\/183"}],"wp:attachment":[{"href":"https:\/\/boxmedic.be\/index.php\/wp-json\/wp\/v2\/media?parent=3"}],"curies":[{"name":"wp","href":"https:\/\/api.w.org\/{rel}","templated":true}]}}